{"id":667,"date":"2026-04-17T10:49:22","date_gmt":"2026-04-17T08:49:22","guid":{"rendered":"https:\/\/tiy2026.mzes.uni-mannheim.de\/?page_id=667"},"modified":"2026-04-29T15:41:08","modified_gmt":"2026-04-29T13:41:08","slug":"registration","status":"publish","type":"page","link":"https:\/\/tiy2026.mzes.uni-mannheim.de\/?page_id=667","title":{"rendered":"Registration"},"content":{"rendered":"\t\t<div data-elementor-type=\"wp-page\" data-elementor-id=\"667\" class=\"elementor elementor-667\">\n\t\t\t\t<div class=\"elementor-element elementor-element-2f7f287 e-flex e-con-boxed e-con e-parent\" data-id=\"2f7f287\" data-element_type=\"container\" data-e-type=\"container\">\n\t\t\t\t\t<div class=\"e-con-inner\">\n\t\t\t\t<div class=\"elementor-element elementor-element-3c39099 elementor-widget elementor-widget-image\" data-id=\"3c39099\" data-element_type=\"widget\" data-e-type=\"widget\" data-widget_type=\"image.default\">\n\t\t\t\t\t\t\t\t\t\t\t\t<figure class=\"wp-caption\">\n\t\t\t\t\t\t\t\t\t\t\t<a href=\"https:\/\/tiy2026.mzes.uni-mannheim.de\" target=\"_blank\">\n\t\t\t\t\t\t\t<img fetchpriority=\"high\" decoding=\"async\" width=\"2048\" height=\"653\" src=\"https:\/\/tiy2026.mzes.uni-mannheim.de\/wp-content\/uploads\/2025\/12\/tiy_banner_2026-1-2048x653.png\" class=\"attachment-2048x2048 size-2048x2048 wp-image-130\" alt=\"\" srcset=\"https:\/\/tiy2026.mzes.uni-mannheim.de\/wp-content\/uploads\/2025\/12\/tiy_banner_2026-1-2048x653.png 2048w, https:\/\/tiy2026.mzes.uni-mannheim.de\/wp-content\/uploads\/2025\/12\/tiy_banner_2026-1-300x96.png 300w, https:\/\/tiy2026.mzes.uni-mannheim.de\/wp-content\/uploads\/2025\/12\/tiy_banner_2026-1-1024x327.png 1024w, https:\/\/tiy2026.mzes.uni-mannheim.de\/wp-content\/uploads\/2025\/12\/tiy_banner_2026-1-768x245.png 768w, https:\/\/tiy2026.mzes.uni-mannheim.de\/wp-content\/uploads\/2025\/12\/tiy_banner_2026-1-1536x490.png 1536w\" sizes=\"(max-width: 2048px) 100vw, 2048px\" \/>\t\t\t\t\t\t\t\t<\/a>\n\t\t\t\t\t\t\t\t\t\t\t<figcaption class=\"widget-image-caption wp-caption-text\">Credit: Staatliche Schl\u00f6sser und G\u00e4rten Baden-W\u00fcrttemberg<\/figcaption>\n\t\t\t\t\t\t\t\t\t\t<\/figure>\n\t\t\t\t\t\t\t\t\t<\/div>\n\t\t\t\t<div class=\"elementor-element elementor-element-3b3e166 elementor-widget elementor-widget-text-editor\" data-id=\"3b3e166\" data-element_type=\"widget\" data-e-type=\"widget\" data-widget_type=\"text-editor.default\">\n\t\t\t\t\t\t\t\t\t<h5><span style=\"color: #000000;\"><strong>Conference registration<\/strong><\/span><\/h5><h5><span style=\"color: #000000;\">Fill out the form below in order to register for the <strong>33rd Annual Workshop Transitions in Youth<\/strong> until <strong>25 May, 2026<\/strong>.<\/span><br \/><span style=\"color: #000000;\">Please note that the registration is not final until we have received the conference fee of 230\u20ac until <strong>15 June, 2026<\/strong>.<\/span><\/h5><p><span style=\"color: #000000;\"><div class=\"forminator-ui forminator-custom-form forminator-custom-form-666 forminator-design--default  \" data-forminator-render=\"0\" data-form=\"forminator-module-666\" data-uid=\"6a036a7e39351\"><br\/><\/div><form\n\t\t\t\tid=\"forminator-module-666\"\n\t\t\t\tclass=\"forminator-ui forminator-custom-form forminator-custom-form-666 forminator-design--default  \"\n\t\t\t\tmethod=\"post\"\n\t\t\t\tdata-forminator-render=\"0\"\n\t\t\t\tdata-form-id=\"666\"\n\t\t\t\t data-color-option=\"theme\" data-design=\"default\" data-grid=\"open\" style=\"display: none;\"\n\t\t\t\tdata-uid=\"6a036a7e39351\"\n\t\t\t><div role=\"alert\" aria-live=\"polite\" class=\"forminator-response-message forminator-error\" aria-hidden=\"true\"><\/div><div class=\"forminator-row\"><div id=\"name-2\" class=\"forminator-field-name forminator-col forminator-col-12 \"><div class=\"forminator-field\"><label for=\"forminator-field-name-2_6a036a7e39351\" id=\"forminator-field-name-2_6a036a7e39351-label\" class=\"forminator-label\">Family Name <span class=\"forminator-required\">*<\/span><\/label><input type=\"text\" name=\"name-2\" value=\"\" placeholder=\"\" id=\"forminator-field-name-2_6a036a7e39351\" class=\"forminator-input forminator-name--field\" aria-required=\"true\" autocomplete=\"name\" \/><\/div><\/div><\/div><div class=\"forminator-row\"><div id=\"name-1\" class=\"forminator-field-name forminator-col forminator-col-12 \"><div class=\"forminator-field\"><label for=\"forminator-field-name-1_6a036a7e39351\" id=\"forminator-field-name-1_6a036a7e39351-label\" class=\"forminator-label\">Given name <span class=\"forminator-required\">*<\/span><\/label><input type=\"text\" name=\"name-1\" value=\"\" placeholder=\"\" id=\"forminator-field-name-1_6a036a7e39351\" class=\"forminator-input forminator-name--field\" aria-required=\"true\" autocomplete=\"name\" \/><\/div><\/div><\/div><div class=\"forminator-row\"><div id=\"email-1\" class=\"forminator-field-email forminator-col forminator-col-12 \"><div class=\"forminator-field\"><label for=\"forminator-field-email-1_6a036a7e39351\" id=\"forminator-field-email-1_6a036a7e39351-label\" class=\"forminator-label\">E-mail address <span class=\"forminator-required\">*<\/span><\/label><input type=\"email\" name=\"email-1\" value=\"\" placeholder=\"\" id=\"forminator-field-email-1_6a036a7e39351\" class=\"forminator-input forminator-email--field\" data-required=\"true\" aria-required=\"true\" autocomplete=\"email\" \/><\/div><\/div><\/div><div class=\"forminator-row\"><div id=\"text-1\" class=\"forminator-field-text forminator-col forminator-col-12 \"><div class=\"forminator-field\"><label for=\"forminator-field-text-1_6a036a7e39351\" id=\"forminator-field-text-1_6a036a7e39351-label\" class=\"forminator-label\">Affiliation <span class=\"forminator-required\">*<\/span><\/label><input type=\"text\" name=\"text-1\" value=\"\" placeholder=\"\" id=\"forminator-field-text-1_6a036a7e39351\" class=\"forminator-input forminator-name--field\" data-required=\"1\" \/><\/div><\/div><\/div><div class=\"forminator-row\"><div id=\"checkbox-1\" class=\"forminator-field-checkbox forminator-col forminator-col-12 \"><div role=\"group\" class=\"forminator-field required\" aria-labelledby=\"forminator-checkbox-group-forminator-field-checkbox-1-6a036a7e39351-label\"><span id=\"forminator-checkbox-group-forminator-field-checkbox-1-6a036a7e39351-label\" class=\"forminator-label\">On which days will you be attending the conference? <span class=\"forminator-required\">*<\/span><\/span><label id=\"forminator-field-checkbox-1-1-6a036a7e39351-label\" for=\"forminator-field-checkbox-1-1-6a036a7e39351\" class=\"forminator-checkbox\" title=\"Wednesday, 09.09.2026\"><input type=\"checkbox\" name=\"checkbox-1[]\" value=\"one\" id=\"forminator-field-checkbox-1-1-6a036a7e39351\" aria-labelledby=\"forminator-field-checkbox-1-1-6a036a7e39351-label\" data-calculation=\"0\"   data-hidden-behavior=\"zero\"\/><span class=\"forminator-checkbox-box\" aria-hidden=\"true\"><\/span><span class=\"forminator-checkbox-label\">Wednesday, 09.09.2026<\/span><\/label><label id=\"forminator-field-checkbox-1-2-6a036a7e39351-label\" for=\"forminator-field-checkbox-1-2-6a036a7e39351\" class=\"forminator-checkbox\" title=\"Thursday, 10.09.2026\"><input type=\"checkbox\" name=\"checkbox-1[]\" value=\"two\" id=\"forminator-field-checkbox-1-2-6a036a7e39351\" aria-labelledby=\"forminator-field-checkbox-1-2-6a036a7e39351-label\" data-calculation=\"0\"   data-hidden-behavior=\"zero\"\/><span class=\"forminator-checkbox-box\" aria-hidden=\"true\"><\/span><span class=\"forminator-checkbox-label\">Thursday, 10.09.2026<\/span><\/label><label id=\"forminator-field-checkbox-1-3-6a036a7e39351-label\" for=\"forminator-field-checkbox-1-3-6a036a7e39351\" class=\"forminator-checkbox\" title=\"Friday, 11.09.2026\"><input type=\"checkbox\" name=\"checkbox-1[]\" value=\"11.09.2026\" id=\"forminator-field-checkbox-1-3-6a036a7e39351\" aria-labelledby=\"forminator-field-checkbox-1-3-6a036a7e39351-label\" data-calculation=\"0\"   data-hidden-behavior=\"zero\"\/><span class=\"forminator-checkbox-box\" aria-hidden=\"true\"><\/span><span class=\"forminator-checkbox-label\">Friday, 11.09.2026<\/span><\/label><\/div><\/div><\/div><div class=\"forminator-row\"><div id=\"radio-2\" class=\"forminator-field-radio forminator-col forminator-col-12 \"><div role=\"radiogroup\" class=\"forminator-field\" aria-labelledby=\"forminator-radiogroup-radio-2-6a036a7e39351-label\"><span id=\"forminator-radiogroup-radio-2-6a036a7e39351-label\" class=\"forminator-label\">Do you have any dietary preferences or restrictions (vegetarian, vegan, kosher, halal, gluten-free, lactose-free, etc.)? <span class=\"forminator-required\">*<\/span><\/span><label id=\"forminator-field-radio-2-label-1\" for=\"forminator-field-radio-2-1-6a036a7e39351\" class=\"forminator-radio\" title=\"No\"><input type=\"radio\" name=\"radio-2\" value=\"one\" id=\"forminator-field-radio-2-1-6a036a7e39351\" aria-labelledby=\"forminator-field-radio-2-label-1\" data-calculation=\"0\"   data-hidden-behavior=\"zero\"\/><span class=\"forminator-radio-bullet\" aria-hidden=\"true\"><\/span><span class=\"forminator-radio-label\">No<\/span><\/label><label id=\"forminator-field-radio-2-label-2\" for=\"forminator-field-radio-2-2-6a036a7e39351\" class=\"forminator-radio\" title=\"Yes\"><input type=\"radio\" name=\"radio-2\" value=\"two\" id=\"forminator-field-radio-2-2-6a036a7e39351\" aria-labelledby=\"forminator-field-radio-2-label-2\" data-calculation=\"0\"   data-hidden-behavior=\"zero\"\/><span class=\"forminator-radio-bullet\" aria-hidden=\"true\"><\/span><span class=\"forminator-radio-label\">Yes<\/span><\/label><\/div><\/div><\/div><div class=\"forminator-row\"><div id=\"textarea-1\" class=\"forminator-field-textarea forminator-col forminator-col-12 \"><div class=\"forminator-field\"><label for=\"forminator-field-textarea-1_6a036a7e39351\" id=\"forminator-field-textarea-1_6a036a7e39351-label\" class=\"forminator-label\">Please indicate your dietary preferences or restrictions: <span class=\"forminator-required\">*<\/span><\/label><textarea name=\"textarea-1\" placeholder=\"\" id=\"forminator-field-textarea-1_6a036a7e39351\" class=\"forminator-textarea\" rows=\"6\" style=\"--forminator-textarea-min-height:35px;\" ><\/textarea><\/div><\/div><\/div><div class=\"forminator-row\"><div id=\"radio-1\" class=\"forminator-field-radio forminator-col forminator-col-12 \"><div role=\"radiogroup\" class=\"forminator-field\" aria-labelledby=\"forminator-radiogroup-radio-1-6a036a7e39351-label\"><span id=\"forminator-radiogroup-radio-1-6a036a7e39351-label\" class=\"forminator-label\">Will you participate in the social event on Friday afternoon? <span class=\"forminator-required\">*<\/span><\/span><label id=\"forminator-field-radio-1-label-1\" for=\"forminator-field-radio-1-1-6a036a7e39351\" class=\"forminator-radio\" title=\"Yes\"><input type=\"radio\" name=\"radio-1\" value=\"one\" id=\"forminator-field-radio-1-1-6a036a7e39351\" aria-labelledby=\"forminator-field-radio-1-label-1\" data-calculation=\"0\"   data-hidden-behavior=\"zero\"\/><span class=\"forminator-radio-bullet\" aria-hidden=\"true\"><\/span><span class=\"forminator-radio-label\">Yes<\/span><\/label><label id=\"forminator-field-radio-1-label-2\" for=\"forminator-field-radio-1-2-6a036a7e39351\" class=\"forminator-radio\" title=\"No\"><input type=\"radio\" name=\"radio-1\" value=\"two\" id=\"forminator-field-radio-1-2-6a036a7e39351\" aria-labelledby=\"forminator-field-radio-1-label-2\" data-calculation=\"0\"   data-hidden-behavior=\"zero\"\/><span class=\"forminator-radio-bullet\" aria-hidden=\"true\"><\/span><span class=\"forminator-radio-label\">No<\/span><\/label><\/div><\/div><\/div><div class=\"forminator-row\"><div id=\"consent-1\" class=\"forminator-field-consent forminator-col forminator-col-12 \"><div class=\"forminator-field\"><label for=\"forminator-field-consent-1_6a036a7e39351\" id=\"forminator-field-consent-1_6a036a7e39351-label\" class=\"forminator-label\">Consent <span class=\"forminator-required\">*<\/span><\/label><div class=\"forminator-checkbox__wrapper\"><label id=\"forminator-field-consent-1_6a036a7e39351__label\" class=\"forminator-checkbox forminator-consent\"><input type=\"checkbox\" name=\"consent-1\" id=\"forminator-field-consent-1_6a036a7e39351\" value=\"checked\" aria-labelledby=\"forminator-field-consent-1_6a036a7e39351-label\" aria-describedby=\"forminator-field-consent-1_6a036a7e39351__description\" data-required=\"true\" aria-required=\"true\" \/><span class=\"forminator-checkbox-box\" aria-hidden=\"true\"><\/span><\/label><div id=\"forminator-field-consent-1_6a036a7e39351__description\" class=\"forminator-checkbox__label forminator-consent__label\"><p>I hereby confirm that I have read and agree with the <a rel=\"noopener\" target=\"_blank\" href=\"https:\/\/tiy2026.mzes.uni-mannheim.de\/?page_id=386#dataprivacydeclaration\">Data Privacy Declaration<\/a>.<\/p><\/div><\/div><\/div><\/div><\/div><input type=\"hidden\" name=\"referer_url\" value=\"\" \/><div class=\"forminator-row forminator-row-last\"><div class=\"forminator-col\"><div class=\"forminator-field\"><button class=\"forminator-button forminator-button-submit\">Submit<\/button><\/div><\/div><\/div><input type=\"hidden\" id=\"forminator_nonce\" name=\"forminator_nonce\" value=\"14474fdabc\" \/><input type=\"hidden\" name=\"_wp_http_referer\" value=\"\/index.php?rest_route=%2Fwp%2Fv2%2Fpages%2F667\" \/><input type=\"hidden\" name=\"form_id\" value=\"666\"><input type=\"hidden\" name=\"page_id\" value=\"667\"><input type=\"hidden\" name=\"form_type\" value=\"default\"><input type=\"hidden\" name=\"current_url\" value=\"https:\/\/tiy2026.mzes.uni-mannheim.de\/?page_id=667\"><input type=\"hidden\" name=\"render_id\" value=\"0\"><input type=\"hidden\" name=\"action\" value=\"forminator_submit_form_custom-forms\"><\/form><\/span><\/p><p><!-- \/wp:shortcode --><span style=\"color: #000000;\">Please transfer the conference fee to the following bank account until <strong>15 June, 2026<\/strong>:<\/span><\/p><h5><span style=\"color: #000000;\"><strong>IMPORTANT: MAKE SURE TO INCLUDE THE REFERENCE CORRECTLY, OTHERWISE YOUR PAYMENT CANNOT ASSOCIATED WITH THE CONFERENCE!<\/strong><\/span><\/h5><h5><span style=\"color: #000000;\"><strong>Accountholder:<br \/><\/strong>Universitaet Mannheim<\/span><\/h5><h5><span style=\"color: #000000;\"><strong>Name of the bank:<br \/><\/strong>Baden-Wuerttembergische Bank \/ LBBW<\/span><\/h5><h5><span style=\"color: #000000;\"><strong>Address of the bank:<br \/><\/strong>Augusta-Anlage 33, 68165 Mannheim, Germany<\/span><br \/><span style=\"color: #000000;\"><strong><br \/>IBAN:<br \/><\/strong>DE13 6005 0101 7496 5010 68<\/span><br \/><span style=\"color: #000000;\"><strong><br \/>BIC\/SWIFT CODE:<br \/><\/strong>SOLADEST600<\/span><br \/><span style=\"color: #000000;\"><strong><br \/>Reference:<br \/><\/strong>K2420200301F1530 and [YOUR FULL NAME]<\/span><br \/><span style=\"color: #000000;\"><strong><br \/>Amount:<br \/><\/strong>230,00 EUR<\/span><\/h5>\t\t\t\t\t\t\t\t<\/div>\n\t\t\t\t\t<\/div>\n\t\t\t\t<\/div>\n\t\t<div class=\"elementor-element elementor-element-cfe7eec e-grid e-con-boxed e-con e-parent\" data-id=\"cfe7eec\" data-element_type=\"container\" data-e-type=\"container\">\n\t\t\t\t\t<div class=\"e-con-inner\">\n\t\t\t\t<div class=\"elementor-element elementor-element-32fc6c7 elementor-widget elementor-widget-image\" data-id=\"32fc6c7\" data-element_type=\"widget\" data-e-type=\"widget\" data-widget_type=\"image.default\">\n\t\t\t\t\t\t\t\t\t\t\t\t\t\t\t\t<a href=\"https:\/\/www.sowi.uni-mannheim.de\/en\/\">\n\t\t\t\t\t\t\t<img decoding=\"async\" width=\"300\" height=\"88\" src=\"https:\/\/tiy2026.mzes.uni-mannheim.de\/wp-content\/uploads\/2026\/01\/sowi-300x88.png\" class=\"attachment-medium size-medium wp-image-515\" alt=\"\" srcset=\"https:\/\/tiy2026.mzes.uni-mannheim.de\/wp-content\/uploads\/2026\/01\/sowi-300x88.png 300w, https:\/\/tiy2026.mzes.uni-mannheim.de\/wp-content\/uploads\/2026\/01\/sowi-1024x301.png 1024w, https:\/\/tiy2026.mzes.uni-mannheim.de\/wp-content\/uploads\/2026\/01\/sowi-768x226.png 768w, https:\/\/tiy2026.mzes.uni-mannheim.de\/wp-content\/uploads\/2026\/01\/sowi-1536x452.png 1536w, https:\/\/tiy2026.mzes.uni-mannheim.de\/wp-content\/uploads\/2026\/01\/sowi.png 1646w\" sizes=\"(max-width: 300px) 100vw, 300px\" \/>\t\t\t\t\t\t\t\t<\/a>\n\t\t\t\t\t\t\t\t\t\t\t\t\t\t\t<\/div>\n\t\t\t\t<div class=\"elementor-element elementor-element-1169f82 elementor-widget elementor-widget-image\" data-id=\"1169f82\" data-element_type=\"widget\" data-e-type=\"widget\" data-widget_type=\"image.default\">\n\t\t\t\t\t\t\t\t\t\t\t\t\t\t\t\t<a href=\"https:\/\/www.mzes.uni-mannheim.de\/en\/\">\n\t\t\t\t\t\t\t<img decoding=\"async\" width=\"300\" height=\"88\" src=\"https:\/\/tiy2026.mzes.uni-mannheim.de\/wp-content\/uploads\/2026\/01\/mzes-300x88.png\" class=\"attachment-medium size-medium wp-image-511\" alt=\"\" srcset=\"https:\/\/tiy2026.mzes.uni-mannheim.de\/wp-content\/uploads\/2026\/01\/mzes-300x88.png 300w, https:\/\/tiy2026.mzes.uni-mannheim.de\/wp-content\/uploads\/2026\/01\/mzes-1024x301.png 1024w, https:\/\/tiy2026.mzes.uni-mannheim.de\/wp-content\/uploads\/2026\/01\/mzes-768x226.png 768w, https:\/\/tiy2026.mzes.uni-mannheim.de\/wp-content\/uploads\/2026\/01\/mzes-1536x452.png 1536w, https:\/\/tiy2026.mzes.uni-mannheim.de\/wp-content\/uploads\/2026\/01\/mzes.png 1646w\" sizes=\"(max-width: 300px) 100vw, 300px\" \/>\t\t\t\t\t\t\t\t<\/a>\n\t\t\t\t\t\t\t\t\t\t\t\t\t\t\t<\/div>\n\t\t\t\t\t<\/div>\n\t\t\t\t<\/div>\n\t\t\t\t<\/div>\n\t\t","protected":false},"excerpt":{"rendered":"<p>Credit: Staatliche Schl\u00f6sser und G\u00e4rten Baden-W\u00fcrttemberg Conference registration Fill out the form below in order to register for the 33rd Annual Workshop Transitions in Youth until 25 May, 2026.Please note that the registration is not final until we have received the conference fee of 230\u20ac until 15 June, 2026. Please transfer the conference fee to [&hellip;]<\/p>\n","protected":false},"author":2,"featured_media":0,"parent":0,"menu_order":0,"comment_status":"closed","ping_status":"closed","template":"","meta":{"footnotes":""},"class_list":["post-667","page","type-page","status-publish","hentry"],"_links":{"self":[{"href":"https:\/\/tiy2026.mzes.uni-mannheim.de\/index.php?rest_route=\/wp\/v2\/pages\/667","targetHints":{"allow":["GET"]}}],"collection":[{"href":"https:\/\/tiy2026.mzes.uni-mannheim.de\/index.php?rest_route=\/wp\/v2\/pages"}],"about":[{"href":"https:\/\/tiy2026.mzes.uni-mannheim.de\/index.php?rest_route=\/wp\/v2\/types\/page"}],"author":[{"embeddable":true,"href":"https:\/\/tiy2026.mzes.uni-mannheim.de\/index.php?rest_route=\/wp\/v2\/users\/2"}],"replies":[{"embeddable":true,"href":"https:\/\/tiy2026.mzes.uni-mannheim.de\/index.php?rest_route=%2Fwp%2Fv2%2Fcomments&post=667"}],"version-history":[{"count":80,"href":"https:\/\/tiy2026.mzes.uni-mannheim.de\/index.php?rest_route=\/wp\/v2\/pages\/667\/revisions"}],"predecessor-version":[{"id":811,"href":"https:\/\/tiy2026.mzes.uni-mannheim.de\/index.php?rest_route=\/wp\/v2\/pages\/667\/revisions\/811"}],"wp:attachment":[{"href":"https:\/\/tiy2026.mzes.uni-mannheim.de\/index.php?rest_route=%2Fwp%2Fv2%2Fmedia&parent=667"}],"curies":[{"name":"wp","href":"https:\/\/api.w.org\/{rel}","templated":true}]}}